{"id":131,"date":"2026-02-05T10:52:47","date_gmt":"2026-02-05T10:52:47","guid":{"rendered":"https:\/\/reinforce.design\/?page_id=131"},"modified":"2026-02-05T12:47:10","modified_gmt":"2026-02-05T12:47:10","slug":"projektowanie-konstrukcji","status":"publish","type":"page","link":"https:\/\/reinforce.design\/index.php\/projektowanie-konstrukcji\/","title":{"rendered":"Projektowanie konstrukcji"},"content":{"rendered":"\n<p class=\"wp-block-paragraph\">Opracowujemy kompletne projekty konstrukcyjne dla budynk\u00f3w mieszkalnych, us\u0142ugowych i przemys\u0142owych, z wykorzystaniem r\u00f3\u017cnych technologii i materia\u0142\u00f3w budowlanych \u2014 \u017celbetu, stali, prefabrykat\u00f3w, konstrukcji murowych oraz element\u00f3w drewnianych. Ka\u017cdy projekt powstaje w oparciu o analiz\u0119 obci\u0105\u017ce\u0144, dob\u00f3r optymalnych przekroj\u00f3w i rozwi\u0105za\u0144 materia\u0142owych, z uwzgl\u0119dnieniem wymaga\u0144 architektonicznych, warunk\u00f3w technicznych oraz praktyki wykonawczej.<\/p>\n\n\n\n<p class=\"wp-block-paragraph\">Zapewniamy dokumentacj\u0119, kt\u00f3ra jest czytelna, sp\u00f3jna i gotowa do realizacji na placu budowy. Obejmuje ona projekty budowlane, wykonawcze i warsztatowe, rysunki detali, zestawienia materia\u0142owe oraz modele 3D. Dzi\u0119ki temu ca\u0142y proces \u2014 od projektu po wykonanie \u2014 przebiega sprawnie i bez niejasno\u015bci.<\/p>\n\n\n\n<figure class=\"wp-block-gallery has-nested-images columns-default is-cropped wp-block-gallery-1 is-layout-flex wp-block-gallery-is-layout-flex\">\n<figure class=\"wp-block-image size-large\"><img fetchpriority=\"high\" decoding=\"async\" width=\"1024\" height=\"720\" data-id=\"214\" src=\"http:\/\/reinforce.design\/wp-content\/uploads\/2026\/02\/Projektowanie-konstrukcji-1024x720.png\" alt=\"\" class=\"wp-image-214\" srcset=\"https:\/\/reinforce.design\/wp-content\/uploads\/2026\/02\/Projektowanie-konstrukcji-1024x720.png 1024w, https:\/\/reinforce.design\/wp-content\/uploads\/2026\/02\/Projektowanie-konstrukcji-300x211.png 300w, https:\/\/reinforce.design\/wp-content\/uploads\/2026\/02\/Projektowanie-konstrukcji-768x540.png 768w, https:\/\/reinforce.design\/wp-content\/uploads\/2026\/02\/Projektowanie-konstrukcji.png 1294w\" sizes=\"(max-width: 1024px) 100vw, 1024px\" \/><\/figure>\n\n\n\n<figure class=\"wp-block-image size-large\"><img decoding=\"async\" width=\"1024\" height=\"621\" data-id=\"213\" src=\"http:\/\/reinforce.design\/wp-content\/uploads\/2026\/02\/Projektowanie-konstrukcji-2-1024x621.png\" alt=\"\" class=\"wp-image-213\" srcset=\"https:\/\/reinforce.design\/wp-content\/uploads\/2026\/02\/Projektowanie-konstrukcji-2-1024x621.png 1024w, https:\/\/reinforce.design\/wp-content\/uploads\/2026\/02\/Projektowanie-konstrukcji-2-300x182.png 300w, https:\/\/reinforce.design\/wp-content\/uploads\/2026\/02\/Projektowanie-konstrukcji-2-768x465.png 768w, https:\/\/reinforce.design\/wp-content\/uploads\/2026\/02\/Projektowanie-konstrukcji-2.png 1472w\" sizes=\"(max-width: 1024px) 100vw, 1024px\" \/><\/figure>\n<\/figure>\n","protected":false},"excerpt":{"rendered":"<p>Opracowujemy kompletne projekty konstrukcyjne dla budynk\u00f3w mieszkalnych, us\u0142ugowych i przemys\u0142owych, z wykorzystaniem r\u00f3\u017cnych technologii i materia\u0142\u00f3w budowlanych \u2014 \u017celbetu, stali, prefabrykat\u00f3w, konstrukcji murowych oraz element\u00f3w drewnianych. Ka\u017cdy projekt powstaje w oparciu o analiz\u0119 obci\u0105\u017ce\u0144, dob\u00f3r optymalnych przekroj\u00f3w i rozwi\u0105za\u0144 materia\u0142owych, z uwzgl\u0119dnieniem wymaga\u0144 architektonicznych, warunk\u00f3w technicznych oraz praktyki wykonawczej. Zapewniamy dokumentacj\u0119, kt\u00f3ra jest czytelna, sp\u00f3jna i gotowa do realizacji na placu budowy. Obejmuje ona projekty budowlane, wykonawcze i warsztatowe, rysunki detali, zestawienia materia\u0142owe oraz modele 3D. Dzi\u0119ki temu ca\u0142y proces \u2014 od projektu po wykonanie \u2014 przebiega sprawnie i bez niejasno\u015bci.<\/p>\n","protected":false},"author":1,"featured_media":0,"parent":0,"menu_order":0,"comment_status":"closed","ping_status":"closed","template":"","meta":{"_crdt_document":"","_uag_custom_page_level_css":"","h5ap_radio_sources":[],"footnotes":""},"class_list":["post-131","page","type-page","status-publish","hentry"],"uagb_featured_image_src":{"full":false,"thumbnail":false,"medium":false,"medium_large":false,"large":false,"1536x1536":false,"2048x2048":false,"qode_essential_addons_image_size_square":false,"qode_essential_addons_image_size_landscape":false,"qode_essential_addons_image_size_portrait":false,"qode_essential_addons_image_size_huge-square":false},"uagb_author_info":{"display_name":"admin4286","author_link":"https:\/\/reinforce.design\/index.php\/author\/admin4286\/"},"uagb_comment_info":0,"uagb_excerpt":"Opracowujemy kompletne projekty konstrukcyjne dla budynk\u00f3w mieszkalnych, us\u0142ugowych i przemys\u0142owych, z wykorzystaniem r\u00f3\u017cnych technologii i materia\u0142\u00f3w budowlanych \u2014 \u017celbetu, stali, prefabrykat\u00f3w, konstrukcji murowych oraz element\u00f3w drewnianych. Ka\u017cdy projekt powstaje w oparciu o analiz\u0119 obci\u0105\u017ce\u0144, dob\u00f3r optymalnych przekroj\u00f3w i rozwi\u0105za\u0144 materia\u0142owych, z uwzgl\u0119dnieniem wymaga\u0144 architektonicznych, warunk\u00f3w technicznych oraz praktyki wykonawczej. Zapewniamy dokumentacj\u0119, kt\u00f3ra jest czytelna, sp\u00f3jna&hellip;","_links":{"self":[{"href":"https:\/\/reinforce.design\/index.php\/wp-json\/wp\/v2\/pages\/131","targetHints":{"allow":["GET"]}}],"collection":[{"href":"https:\/\/reinforce.design\/index.php\/wp-json\/wp\/v2\/pages"}],"about":[{"href":"https:\/\/reinforce.design\/index.php\/wp-json\/wp\/v2\/types\/page"}],"author":[{"embeddable":true,"href":"https:\/\/reinforce.design\/index.php\/wp-json\/wp\/v2\/users\/1"}],"replies":[{"embeddable":true,"href":"https:\/\/reinforce.design\/index.php\/wp-json\/wp\/v2\/comments?post=131"}],"version-history":[{"count":3,"href":"https:\/\/reinforce.design\/index.php\/wp-json\/wp\/v2\/pages\/131\/revisions"}],"predecessor-version":[{"id":221,"href":"https:\/\/reinforce.design\/index.php\/wp-json\/wp\/v2\/pages\/131\/revisions\/221"}],"wp:attachment":[{"href":"https:\/\/reinforce.design\/index.php\/wp-json\/wp\/v2\/media?parent=131"}],"curies":[{"name":"wp","href":"https:\/\/api.w.org\/{rel}","templated":true}]}}