{"id":144,"date":"2026-02-05T11:05:49","date_gmt":"2026-02-05T11:05:49","guid":{"rendered":"https:\/\/reinforce.design\/?page_id=144"},"modified":"2026-02-05T14:11:54","modified_gmt":"2026-02-05T14:11:54","slug":"doradztwo-techniczne","status":"publish","type":"page","link":"https:\/\/reinforce.design\/index.php\/doradztwo-techniczne\/","title":{"rendered":"Doradztwo techniczne"},"content":{"rendered":"\n<p class=\"wp-block-paragraph\">Zapewniamy wsparcie techniczne na ka\u017cdym etapie inwestycji \u2014 od koncepcji, przez projekt, a\u017c po realizacj\u0119. Pomagamy w ocenie wykonalno\u015bci rozwi\u0105za\u0144, analizie zmian projektowych, optymalizacji koszt\u00f3w oraz doborze technologii konstrukcyjnych. Doradztwo obejmuje zar\u00f3wno konsultacje projektowe, jak i bie\u017c\u0105ce wsparcie dla inwestor\u00f3w, architekt\u00f3w oraz wykonawc\u00f3w, pozwalaj\u0105c podejmowa\u0107 \u015bwiadome i bezpieczne decyzje techniczne.<\/p>\n","protected":false},"excerpt":{"rendered":"<p>Zapewniamy wsparcie techniczne na ka\u017cdym etapie inwestycji \u2014 od koncepcji, przez projekt, a\u017c po realizacj\u0119. Pomagamy w ocenie wykonalno\u015bci rozwi\u0105za\u0144, analizie zmian projektowych, optymalizacji koszt\u00f3w oraz doborze technologii konstrukcyjnych. Doradztwo obejmuje zar\u00f3wno konsultacje projektowe, jak i bie\u017c\u0105ce wsparcie dla inwestor\u00f3w, architekt\u00f3w oraz wykonawc\u00f3w, pozwalaj\u0105c podejmowa\u0107 \u015bwiadome i bezpieczne decyzje techniczne.<\/p>\n","protected":false},"author":1,"featured_media":0,"parent":0,"menu_order":0,"comment_status":"closed","ping_status":"closed","template":"","meta":{"_crdt_document":"","_uag_custom_page_level_css":"","h5ap_radio_sources":[],"footnotes":""},"class_list":["post-144","page","type-page","status-publish","hentry"],"uagb_featured_image_src":{"full":false,"thumbnail":false,"medium":false,"medium_large":false,"large":false,"1536x1536":false,"2048x2048":false,"qode_essential_addons_image_size_square":false,"qode_essential_addons_image_size_landscape":false,"qode_essential_addons_image_size_portrait":false,"qode_essential_addons_image_size_huge-square":false},"uagb_author_info":{"display_name":"admin4286","author_link":"https:\/\/reinforce.design\/index.php\/author\/admin4286\/"},"uagb_comment_info":0,"uagb_excerpt":"Zapewniamy wsparcie techniczne na ka\u017cdym etapie inwestycji \u2014 od koncepcji, przez projekt, a\u017c po realizacj\u0119. Pomagamy w ocenie wykonalno\u015bci rozwi\u0105za\u0144, analizie zmian projektowych, optymalizacji koszt\u00f3w oraz doborze technologii konstrukcyjnych. Doradztwo obejmuje zar\u00f3wno konsultacje projektowe, jak i bie\u017c\u0105ce wsparcie dla inwestor\u00f3w, architekt\u00f3w oraz wykonawc\u00f3w, pozwalaj\u0105c podejmowa\u0107 \u015bwiadome i bezpieczne decyzje techniczne.","_links":{"self":[{"href":"https:\/\/reinforce.design\/index.php\/wp-json\/wp\/v2\/pages\/144","targetHints":{"allow":["GET"]}}],"collection":[{"href":"https:\/\/reinforce.design\/index.php\/wp-json\/wp\/v2\/pages"}],"about":[{"href":"https:\/\/reinforce.design\/index.php\/wp-json\/wp\/v2\/types\/page"}],"author":[{"embeddable":true,"href":"https:\/\/reinforce.design\/index.php\/wp-json\/wp\/v2\/users\/1"}],"replies":[{"embeddable":true,"href":"https:\/\/reinforce.design\/index.php\/wp-json\/wp\/v2\/comments?post=144"}],"version-history":[{"count":2,"href":"https:\/\/reinforce.design\/index.php\/wp-json\/wp\/v2\/pages\/144\/revisions"}],"predecessor-version":[{"id":226,"href":"https:\/\/reinforce.design\/index.php\/wp-json\/wp\/v2\/pages\/144\/revisions\/226"}],"wp:attachment":[{"href":"https:\/\/reinforce.design\/index.php\/wp-json\/wp\/v2\/media?parent=144"}],"curies":[{"name":"wp","href":"https:\/\/api.w.org\/{rel}","templated":true}]}}