{"id":157,"date":"2026-02-05T11:16:21","date_gmt":"2026-02-05T11:16:21","guid":{"rendered":"https:\/\/reinforce.design\/?page_id=157"},"modified":"2026-02-06T15:06:31","modified_gmt":"2026-02-06T15:06:31","slug":"157-2","status":"publish","type":"page","link":"https:\/\/reinforce.design\/","title":{"rendered":"Projekty konstrukcji dla inwestor\u00f3w, architekt\u00f3w i wykonawc\u00f3w\u200b"},"content":{"rendered":"\t\t<div data-elementor-type=\"wp-page\" data-elementor-id=\"157\" class=\"elementor elementor-157\">\n\t\t\t\t<div class=\"elementor-element elementor-element-73a6621 e-flex e-con-boxed qodef-elementor-content-no e-con e-parent\" data-id=\"73a6621\" data-element_type=\"container\" data-e-type=\"container\">\n\t\t\t\t\t<div class=\"e-con-inner\">\n\t\t<div class=\"elementor-element elementor-element-6ad2f80 e-con-full e-flex qodef-elementor-content-no e-con e-child\" data-id=\"6ad2f80\" data-element_type=\"container\" data-e-type=\"container\">\n\t\t\t\t<div class=\"elementor-element elementor-element-c059d65 elementor-widget elementor-widget-text-editor\" data-id=\"c059d65\" data-element_type=\"widget\" data-e-type=\"widget\" data-widget_type=\"text-editor.default\">\n\t\t\t\t\t\t\t\t\t<p>Przygotowujemy dokumentacj\u0119 konstrukcyjn\u0105 w formie, kt\u00f3ra najlepiej odpowiada potrzebom projektu \u2014 zar\u00f3wno tradycyjne opracowania 2D, jak i modele przestrzenne u\u0142atwiaj\u0105ce koordynacj\u0119 i analiz\u0119 rozwi\u0105za\u0144. Dbamy o to, aby ka\u017cdy projekt by\u0142 czytelny, sp\u00f3jny i praktyczny na etapie realizacji, niezale\u017cnie od przyj\u0119tej technologii opracowania. \u0141\u0105czymy do\u015bwiadczenie in\u017cynierskie z nowoczesnym podej\u015bciem projektowym, dostarczaj\u0105c rozwi\u0105zania, kt\u00f3re pasuj\u0105 do uczestnik\u00f3w konkretnego procesu inwestycyjnego i realnie usprawniaj\u0105 proces budowy.<\/p>\n<p style=\"background-color: #000000;\"><span style=\"font-weight: bolder;\"><span style=\"font-size: 18pt;\">Zakres us\u0142ug:<\/span><\/span><\/p>\n<p style=\"background-color: #000000;\">\u2022 Projekty Techniczne i Wykonawcze konstrukcji budynk\u00f3w;<\/p>\n<p style=\"background-color: #000000;\">\u2022 modele 3D konstrukcji (BIM);<\/p>\n<p style=\"background-color: #000000;\">\u2022 adaptacje projekt\u00f3w do prefabrykacji (w tym domy jednorodzinne);<\/p>\n<p style=\"background-color: #000000;\">\u2022 doradztwo In\u017cynierskie<\/p>\n<p style=\"background-color: #000000;\">Ka\u017cde opracowanie przygotowujemy z my\u015bl\u0105 o praktycznej realizacji \u2014 tak, aby wykonawca otrzyma\u0142 dokumentacj\u0119, kt\u00f3ra zawiera wszystkie niezb\u0119dne informacje do wykonania inwestycji.<\/p>\t\t\t\t\t\t\t\t<\/div>\n\t\t\t\t<\/div>\n\t\t<div class=\"elementor-element elementor-element-17cea3c e-con-full e-flex qodef-elementor-content-no e-con e-child\" data-id=\"17cea3c\" data-element_type=\"container\" data-e-type=\"container\">\n\t\t<div class=\"elementor-element elementor-element-a52f23a e-con-full e-flex qodef-elementor-content-no e-con e-child\" data-id=\"a52f23a\" data-element_type=\"container\" data-e-type=\"container\">\n\t\t\t\t<div class=\"elementor-element elementor-element-1650696 elementor-widget elementor-widget-image\" data-id=\"1650696\" data-element_type=\"widget\" data-e-type=\"widget\" data-widget_type=\"image.default\">\n\t\t\t\t\t\t\t\t\t\t\t\t\t\t\t<img fetchpriority=\"high\" decoding=\"async\" width=\"610\" height=\"561\" src=\"http:\/\/reinforce.design\/wp-content\/uploads\/2026\/02\/Zrzut-ekranu-2026-02-06-155502.png\" class=\"attachment-large size-large wp-image-327\" alt=\"\" srcset=\"http:\/\/reinforce.design\/wp-content\/uploads\/2026\/02\/Zrzut-ekranu-2026-02-06-155502.png 610w, http:\/\/reinforce.design\/wp-content\/uploads\/2026\/02\/Zrzut-ekranu-2026-02-06-155502-300x276.png 300w\" sizes=\"(max-width: 610px) 100vw, 610px\" \/>\t\t\t\t\t\t\t\t\t\t\t\t\t\t\t<\/div>\n\t\t\t\t<\/div>\n\t\t\t\t<\/div>\n\t\t\t\t\t<\/div>\n\t\t\t\t<\/div>\n\t\t<div class=\"elementor-element elementor-element-59459aa e-flex e-con-boxed qodef-elementor-content-no e-con e-parent\" data-id=\"59459aa\" data-element_type=\"container\" data-e-type=\"container\">\n\t\t\t\t\t<div class=\"e-con-inner\">\n\t\t\t\t<div class=\"elementor-element elementor-element-1c957a4 elementor-widget elementor-widget-text-editor\" data-id=\"1c957a4\" data-element_type=\"widget\" data-e-type=\"widget\" data-widget_type=\"text-editor.default\">\n\t\t\t\t\t\t\t\t\t<p><strong><span style=\"font-size: 18pt;\">Skontaktuj si\u0119:<\/span><\/strong><\/p>\n<p>\u00a0<\/p>\n<p>Chcesz om\u00f3wi\u0107 sw\u00f3j projekt lub uzyska\u0107 wycen\u0119? Zapraszamy do kontaktu telefonicznego, mailowego lub poprzez formularz zg\u0142oszeniowy. Odpowiadamy szybko i konkretnie, pomagaj\u0105c sprawnie przej\u015b\u0107 od koncepcji do gotowej dokumentacji.<\/p>\t\t\t\t\t\t\t\t<\/div>\n\t\t\t\t\t<\/div>\n\t\t\t\t<\/div>\n\t\t<div class=\"elementor-element elementor-element-31db174 e-flex e-con-boxed qodef-elementor-content-no e-con e-parent\" data-id=\"31db174\" data-element_type=\"container\" data-e-type=\"container\">\n\t\t\t\t\t<div class=\"e-con-inner\">\n\t\t\t\t<div class=\"elementor-element elementor-element-c11fbcf elementor-widget elementor-widget-shortcode\" data-id=\"c11fbcf\" data-element_type=\"widget\" data-e-type=\"widget\" data-widget_type=\"shortcode.default\">\n\t\t\t\t\t\t\t<div class=\"elementor-shortcode\">\n<div class=\"wpcf7 no-js\" id=\"wpcf7-f60-o1\" lang=\"pl-PL\" dir=\"ltr\" data-wpcf7-id=\"60\">\n<div class=\"screen-reader-response\"><p role=\"status\" aria-live=\"polite\" aria-atomic=\"true\"><\/p> <ul><\/ul><\/div>\n<form action=\"\/index.php\/wp-json\/wp\/v2\/pages\/157#wpcf7-f60-o1\" method=\"post\" class=\"wpcf7-form init\" aria-label=\"Formularz kontaktowy\" novalidate=\"novalidate\" data-status=\"init\">\n<fieldset class=\"hidden-fields-container\"><input type=\"hidden\" name=\"_wpcf7\" value=\"60\" \/><input type=\"hidden\" name=\"_wpcf7_version\" value=\"6.1.4\" \/><input type=\"hidden\" name=\"_wpcf7_locale\" value=\"pl_PL\" \/><input type=\"hidden\" name=\"_wpcf7_unit_tag\" value=\"wpcf7-f60-o1\" \/><input type=\"hidden\" name=\"_wpcf7_container_post\" value=\"0\" \/><input type=\"hidden\" name=\"_wpcf7_posted_data_hash\" value=\"\" \/>\n<\/fieldset>\n<p><label> Twoje imi\u0119 i nazwisko<br \/>\n<span class=\"wpcf7-form-control-wrap\" data-name=\"your-name\"><input size=\"40\" maxlength=\"400\" class=\"wpcf7-form-control wpcf7-text wpcf7-validates-as-required\" autocomplete=\"name\" aria-required=\"true\" aria-invalid=\"false\" value=\"\" type=\"text\" name=\"your-name\" \/><\/span> <\/label>\n<\/p>\n<p><label> Tw\u00f3j adres e-mail<br \/>\n<span class=\"wpcf7-form-control-wrap\" data-name=\"your-email\"><input size=\"40\" maxlength=\"400\" class=\"wpcf7-form-control wpcf7-email wpcf7-validates-as-required wpcf7-text wpcf7-validates-as-email\" autocomplete=\"email\" aria-required=\"true\" aria-invalid=\"false\" value=\"\" type=\"email\" name=\"your-email\" \/><\/span> <\/label>\n<\/p>\n<p><label> Temat<br \/>\n<span class=\"wpcf7-form-control-wrap\" data-name=\"your-subject\"><input size=\"40\" maxlength=\"400\" class=\"wpcf7-form-control wpcf7-text wpcf7-validates-as-required\" aria-required=\"true\" aria-invalid=\"false\" value=\"\" type=\"text\" name=\"your-subject\" \/><\/span> <\/label>\n<\/p>\n<p><label> Twoja wiadomo\u015b\u0107:<br \/>\n<span class=\"wpcf7-form-control-wrap\" data-name=\"your-message\"><textarea cols=\"40\" rows=\"10\" maxlength=\"2000\" class=\"wpcf7-form-control wpcf7-textarea\" aria-invalid=\"false\" name=\"your-message\"><\/textarea><\/span> <\/label>\n<\/p>\n<p><div id=\"cf7sr-69dd998c6e5a0\" class=\"cf7sr-g-recaptcha\" data-theme=\"light\" data-type=\"image\" data-size=\"normal\" data-sitekey=\"6LcDs2IsAAAAAEQU37f9V0WNuG0LvsdoYZtv2LuA\"><\/div><span class=\"wpcf7-form-control-wrap cf7sr-recaptcha\" data-name=\"cf7sr-recaptcha\"><input type=\"hidden\" name=\"cf7sr-recaptcha\" value=\"\" class=\"wpcf7-form-control\"><\/span><br \/>\n<input class=\"wpcf7-form-control wpcf7-submit has-spinner\" type=\"submit\" value=\"Wy\u015blij\" \/>\n<\/p><div class=\"wpcf7-response-output\" aria-hidden=\"true\"><\/div>\n<\/form>\n<\/div>\n<\/div>\n\t\t\t\t\t\t<\/div>\n\t\t\t\t\t<\/div>\n\t\t\t\t<\/div>\n\t\t\t\t<\/div>\n\t\t","protected":false},"excerpt":{"rendered":"<p>Przygotowujemy dokumentacj\u0119 konstrukcyjn\u0105 w formie, kt\u00f3ra najlepiej odpowiada potrzebom projektu \u2014 zar\u00f3wno tradycyjne opracowania 2D, jak i modele przestrzenne u\u0142atwiaj\u0105ce koordynacj\u0119 i analiz\u0119 rozwi\u0105za\u0144. Dbamy o to, aby ka\u017cdy projekt by\u0142 czytelny, sp\u00f3jny i praktyczny na etapie realizacji, niezale\u017cnie od przyj\u0119tej technologii opracowania. \u0141\u0105czymy do\u015bwiadczenie in\u017cynierskie z nowoczesnym podej\u015bciem projektowym, dostarczaj\u0105c rozwi\u0105zania, kt\u00f3re pasuj\u0105 do uczestnik\u00f3w konkretnego procesu inwestycyjnego i realnie usprawniaj\u0105 proces budowy. Zakres us\u0142ug: \u2022 Projekty Techniczne i Wykonawcze konstrukcji budynk\u00f3w; \u2022 modele 3D konstrukcji (BIM); \u2022 adaptacje projekt\u00f3w do prefabrykacji (w tym domy jednorodzinne); \u2022 doradztwo In\u017cynierskie Ka\u017cde opracowanie przygotowujemy z my\u015bl\u0105 o praktycznej realizacji \u2014 tak, aby [&hellip;]<\/p>\n","protected":false},"author":1,"featured_media":0,"parent":0,"menu_order":0,"comment_status":"closed","ping_status":"closed","template":"","meta":{"_crdt_document":"","_uag_custom_page_level_css":"","h5ap_radio_sources":[],"footnotes":""},"class_list":["post-157","page","type-page","status-publish","hentry"],"uagb_featured_image_src":{"full":false,"thumbnail":false,"medium":false,"medium_large":false,"large":false,"1536x1536":false,"2048x2048":false,"qode_essential_addons_image_size_square":false,"qode_essential_addons_image_size_landscape":false,"qode_essential_addons_image_size_portrait":false,"qode_essential_addons_image_size_huge-square":false},"uagb_author_info":{"display_name":"admin4286","author_link":"https:\/\/reinforce.design\/index.php\/author\/admin4286\/"},"uagb_comment_info":0,"uagb_excerpt":"Przygotowujemy dokumentacj\u0119 konstrukcyjn\u0105 w formie, kt\u00f3ra najlepiej odpowiada potrzebom projektu \u2014 zar\u00f3wno tradycyjne opracowania 2D, jak i modele przestrzenne u\u0142atwiaj\u0105ce koordynacj\u0119 i analiz\u0119 rozwi\u0105za\u0144. Dbamy o to, aby ka\u017cdy projekt by\u0142 czytelny, sp\u00f3jny i praktyczny na etapie realizacji, niezale\u017cnie od przyj\u0119tej technologii opracowania. \u0141\u0105czymy do\u015bwiadczenie in\u017cynierskie z nowoczesnym podej\u015bciem projektowym, dostarczaj\u0105c rozwi\u0105zania, kt\u00f3re pasuj\u0105 do&hellip;","_links":{"self":[{"href":"https:\/\/reinforce.design\/index.php\/wp-json\/wp\/v2\/pages\/157","targetHints":{"allow":["GET"]}}],"collection":[{"href":"https:\/\/reinforce.design\/index.php\/wp-json\/wp\/v2\/pages"}],"about":[{"href":"https:\/\/reinforce.design\/index.php\/wp-json\/wp\/v2\/types\/page"}],"author":[{"embeddable":true,"href":"https:\/\/reinforce.design\/index.php\/wp-json\/wp\/v2\/users\/1"}],"replies":[{"embeddable":true,"href":"https:\/\/reinforce.design\/index.php\/wp-json\/wp\/v2\/comments?post=157"}],"version-history":[{"count":29,"href":"https:\/\/reinforce.design\/index.php\/wp-json\/wp\/v2\/pages\/157\/revisions"}],"predecessor-version":[{"id":351,"href":"https:\/\/reinforce.design\/index.php\/wp-json\/wp\/v2\/pages\/157\/revisions\/351"}],"wp:attachment":[{"href":"https:\/\/reinforce.design\/index.php\/wp-json\/wp\/v2\/media?parent=157"}],"curies":[{"name":"wp","href":"https:\/\/api.w.org\/{rel}","templated":true}]}}