{"id":3,"date":"2026-01-07T19:10:35","date_gmt":"2026-01-07T19:10:35","guid":{"rendered":"http:\/\/reinforce.design\/?page_id=3"},"modified":"2026-02-05T15:42:18","modified_gmt":"2026-02-05T15:42:18","slug":"privacy-policy","status":"publish","type":"page","link":"https:\/\/reinforce.design\/index.php\/privacy-policy\/","title":{"rendered":"Polityka Prywatno\u015bci"},"content":{"rendered":"\t\t<div data-elementor-type=\"wp-page\" data-elementor-id=\"3\" class=\"elementor elementor-3\">\n\t\t\t\t<div class=\"elementor-element elementor-element-39d20ea8 e-flex e-con-boxed qodef-elementor-content-no e-con e-parent\" data-id=\"39d20ea8\" data-element_type=\"container\" data-e-type=\"container\">\n\t\t\t\t\t<div class=\"e-con-inner\">\n\t\t\t\t<div class=\"elementor-element elementor-element-65fdd54b elementor-widget elementor-widget-text-editor\" data-id=\"65fdd54b\" data-element_type=\"widget\" data-e-type=\"widget\" data-widget_type=\"text-editor.default\">\n\t\t\t\t\t\t\t\t\t<p><\/p>\n<p style=\"color: #aa9e8b; font-family: 'DM Sans', sans-serif; font-size: 16px; text-align: start; background-color: #000000;\">Niniejszy dokument okre\u015bla zasady przetwarzania i\u00a0ochrony danych osobowych potencjalnych oraz obecnych partner\u00f3w biznesowych (w szczeg\u00f3lno\u015bci klient\u00f3w i\u00a0dostawc\u00f3w) firma [firma], zwana dalej Administratorem danych.<\/p>\n<h4 class=\"wp-block-heading\" style=\"line-height: 1.1; margin-top: 30px; font-family: 'DM Sans', sans-serif; font-size: 34px; background-color: #000000;\">I. Definicje<\/h4>\n<ol style=\"color: #aa9e8b; font-family: 'DM Sans', sans-serif; font-size: 16px; background-color: #000000;\">\n<li><span style=\"color: #ffffff;\">Cookies<\/span>\u00a0&#8211; oznacza dane informatyczne, w\u00a0szczeg\u00f3lno\u015bci niewielkie pliki tekstowe, zapisywane i\u00a0przechowywane na urz\u0105dzeniach za po\u015brednictwem, kt\u00f3rych U\u017cytkownik korzysta ze stron internetowych Serwisu.<\/li>\n<li><span style=\"color: #ffffff;\">Serwis<\/span>\u00a0&#8211; oznacza stron\u0119 internetow\u0105 nale\u017c\u0105c\u0105 do Administratora.<\/li>\n<li><span style=\"color: #ffffff;\">Urz\u0105dzenie<\/span>\u00a0&#8211; oznacza elektroniczne urz\u0105dzenie za po\u015brednictwem, kt\u00f3rego U\u017cytkownik uzyskuje dost\u0119p do Serwisu.<\/li>\n<li><span style=\"color: #ffffff;\">U\u017cytkownik<\/span>\u00a0&#8211; oznacza podmiot, kt\u00f3ry korzysta z\u00a0tre\u015bci i\u00a0funkcjonalno\u015bci dost\u0119pnych w\u00a0Serwisach internetowych Administratora lub na rzecz kt\u00f3rego zgodnie z\u00a0Regulaminem i\u00a0przepisami prawa mog\u0105 by\u0107 \u015bwiadczone us\u0142ugi drog\u0105 elektroniczn\u0105 lub z\u00a0kt\u00f3rym zawarta mo\u017ce by\u0107 Umowa o\u00a0\u015bwiadczenie us\u0142ug drog\u0105 elektroniczn\u0105.<\/li>\n<\/ol>\n<h4 style=\"line-height: 1.1; margin-top: 30px; font-family: 'DM Sans', sans-serif; font-size: 34px; background-color: #000000;\">II. Administrator danych<\/h4>\n<p style=\"color: #aa9e8b; font-family: 'DM Sans', sans-serif; font-size: 16px; background-color: #000000;\">Reinforce Design Micha\u0142 Szczepanik<\/p>\n<h4 style=\"line-height: 1.1; margin-top: 30px; font-family: 'DM Sans', sans-serif; font-size: 34px; background-color: #000000;\">III. Podstawa prawna<\/h4>\n<p style=\"color: #aa9e8b; font-family: 'DM Sans', sans-serif; font-size: 16px; text-align: start; background-color: #000000;\">W procesie przetwarzania danych osobowych Administrator stosuje zasady okre\u015blone w\u00a0obowi\u0105zuj\u0105cych przepisach prawa, w\u00a0tym w\u00a0szczeg\u00f3lno\u015bci w\u00a0\u00a0ustawie z\u00a0dnia\u00a0 29 sierpnia 1997 r. o\u00a0ochronie danych osobowych oraz w\u00a0Rozporz\u0105dzeniach Parlamentu Europejskiego i\u00a0Rady (UE) 2016\/679 z\u00a0dnia 27 kwietnia 2016 r. w\u00a0sprawie ochrony os\u00f3b fizycznych w\u00a0zwi\u0105zku z\u00a0przetwarzaniem danych osobowych i\u00a0w\u00a0sprawie swobodnego przep\u0142ywu takich danych oraz uchylenia dyrektywy 95\/46\/WE (\u201dRODO\u201d).<\/p>\n<h4 style=\"line-height: 1.1; margin-top: 30px; font-family: 'DM Sans', sans-serif; font-size: 34px; background-color: #000000;\">IV. Cele przetwarzania danych oraz okres ich przechowywania<\/h4>\n<p style=\"color: #aa9e8b; font-family: 'DM Sans', sans-serif; font-size: 16px; background-color: #000000;\">Administrator przetwarza dane osobowe wy\u0142\u0105cznie w\u00a0celu pozyskania klient\u00f3w\/dostawc\u00f3w, realizacji proces\u00f3w ofertyzacji, zam\u00f3wienia\/umowy i\u00a0obs\u0142ugi posprzeda\u017cnej oferowanych towar\u00f3w i\u00a0us\u0142ug oraz celem przes\u0142ania spersonalizowanej informacji handlowej, a\u00a0w\u00a0szczeg\u00f3lno\u015bci w\u00a0celu:<\/p>\n<ul style=\"color: #aa9e8b; font-family: 'DM Sans', sans-serif; font-size: 16px; background-color: #000000;\">\n<li>za\u0142o\u017cenia konta w\u00a0Serwisie internetowym<\/li>\n<li>kontaktu osobistego, telefonicznego lub przez poczt\u0119 elektroniczn\u0105<\/li>\n<li>przes\u0142ania zam\u00f3wionych materia\u0142\u00f3w informacyjnych, reklamowych i\u00a0ofert<\/li>\n<li>realizacji zam\u00f3wienia\/umowy<\/li>\n<li>realizacji zg\u0142oszenia serwisowego lub reklamacyjnego<\/li>\n<li>obs\u0142ugi posprzeda\u017cnej<\/li>\n<li>ewentualnego dochodzenia roszcze\u0144<\/li>\n<li>dostosowania Serwis\u00f3w internetowych do potrzeb U\u017cytkownik\u00f3w,<\/li>\n<li>tworzenia raport\u00f3w i\u00a0analiz dotycz\u0105cych funkcjonalno\u015bci Serwis\u00f3w, a\u00a0w\u00a0tym statystyk ogl\u0105dalno\u015bci<\/li>\n<\/ul>\n<p style=\"color: #aa9e8b; font-family: 'DM Sans', sans-serif; font-size: 16px; background-color: #000000;\">Dane te b\u0119d\u0105 przechowywane przez okres niezb\u0119dny do realizacji um\u00f3w, a\u00a0w\u00a0tym \u015bwiadczenia us\u0142ug serwisowych (gwarancyjnych i\u00a0pogwarancyjnych). Po tym czasie dane s\u0105 przechowywane wy\u0142\u0105cznie na potrzeby dochodzenia roszcze\u0144 oraz przesy\u0142ania spersonalizowanej informacji handlowej.<\/p>\n<h4 style=\"line-height: 1.1; margin-top: 30px; font-family: 'DM Sans', sans-serif; font-size: 34px; background-color: #000000;\">V. Zakres i\u00a0spos\u00f3b przechowywania danych<\/h4>\n<p style=\"color: #aa9e8b; font-family: 'DM Sans', sans-serif; font-size: 16px; text-align: start; background-color: #000000;\">Administrator zbiera dane osobowe w\u00a0procesie pozyskania klienta\/dostawcy, ofertyzacji, realizacji zam\u00f3wienia\/umowy i\u00a0obs\u0142ugi posprzeda\u017cnej oferowanych towar\u00f3w i\u00a0us\u0142ug. Administrator pozyskuje dane obejmuj\u0105ce m.in. : imi\u0119 i\u00a0nazwisko osoby fizycznej (w tym prowadz\u0105cej dzia\u0142alno\u015b\u0107 gospodarcz\u0105), jej adres, NIP, imi\u0119 i\u00a0nazwisko osoby kontaktowej w\u00a0firmie, \u00a0jej stanowisko, dzia\u0142, e-mail i\u00a0telefon, a\u00a0w\u00a0przypadku korzystania z\u00a0Serwis\u00f3w internetowych Administratora r\u00f3wnie\u017c adres IP urz\u0105dzenia, z\u00a0kt\u00f3rego korzysta U\u017cytkownik. Dane s\u0105 przechowywane przez Administratora w\u00a0formacie, kt\u00f3ry pozwala na ich przeniesienie.<\/p>\n<p style=\"color: #aa9e8b; font-family: 'DM Sans', sans-serif; font-size: 16px; background-color: #000000;\">Podanie danych osobowych jest dobrowolne ale konieczne do korzystania z\u00a0wybranych funkcjonalno\u015bci Serwis\u00f3w internetowych oraz do przesy\u0142ania ofert, realizacji zam\u00f3wie\u0144, um\u00f3w, us\u0142ug serwisowych, monta\u017cowych itp.<\/p>\n<p style=\"color: #aa9e8b; font-family: 'DM Sans', sans-serif; font-size: 16px; background-color: #000000;\">Przekazanie lub innego rodzaju transfer pozyskanych danych osobowych, osobom lub firmom trzecim, nie wyst\u0119puje, chyba \u017ce dane te b\u0119d\u0105 niezb\u0119dne do nale\u017cytego wykonania umowy, rozpatrzenia reklamacji lub napraw w\u00a0ramach gwarancji lub r\u0119kojmi czy przes\u0142ania katalogu tradycyjn\u0105 poczt\u0105. Dotyczy to w\u00a0szczeg\u00f3lno\u015bci firm przewozowych, spedycyjnych, kurierskich, monta\u017cowych i\u00a0serwisowych.<\/p>\n<p style=\"color: #aa9e8b; font-family: 'DM Sans', sans-serif; font-size: 16px; background-color: #000000;\">Administrator danych o\u015bwiadcza te\u017c, \u017ce powierza przechowywanie i\/lub przetwarzanie danych osobowych, o\u00a0kt\u00f3rych mowa w\u00a0Polityce Prywatno\u015bci, na\u00a0 podstawie pisemnej umowy, podmiotom \u015bwiadcz\u0105cym na rzecz Administratora m.in. us\u0142ugi hostingu, marketingu automatycznego oraz optymalizacji przekazu w\u00a0zakresie Serwis\u00f3w internetowych Administratora.<\/p>\n<p style=\"color: #aa9e8b; font-family: 'DM Sans', sans-serif; font-size: 16px; background-color: #000000;\">Niezale\u017cnie od powy\u017cszego, w\u00a0przypadku wyra\u017cenia odr\u0119bnej zgody przez U\u017cytkownika Serwisu, jego dane osobowe s\u0105 przetwarzane w\u00a0celu otrzymywania informacji handlowej, a\u00a0w\u00a0szczeg\u00f3lno\u015bci przesy\u0142ania na wskazany adres poczty elektronicznej zam\u00f3wionego newslettera.<\/p>\n<h4 style=\"line-height: 1.1; margin-top: 30px; font-family: 'DM Sans', sans-serif; font-size: 34px; background-color: #000000;\">VI. Dane zbierane automatycznie<\/h4>\n<p style=\"color: #aa9e8b; font-family: 'DM Sans', sans-serif; font-size: 16px; background-color: #000000;\">Administrator informuje, \u017ce podczas korzystania z\u00a0nale\u017c\u0105cych do niego Serwis\u00f3w internetowych zbierane s\u0105 r\u00f3wnie\u017c dane automatycznie. Dane te mog\u0105 by\u0107 zbierane przez pliki Cookies oraz przez system marketingu automatycznego.<\/p>\n<p style=\"color: #aa9e8b; font-family: 'DM Sans', sans-serif; font-size: 16px; background-color: #000000;\">Administrator informuje, \u017ce od momentu po\u0142\u0105czenia si\u0119 u\u017cytkownika z\u00a0Serwisem w\u00a0logach systemowych Serwisu pojawia si\u0119 informacja m.in. o\u00a0numerze\u00a0 IP i\u00a0rodzaju urz\u0105dzenia ko\u0144cowego u\u017cytkownika, z\u00a0kt\u00f3rego u\u017cytkownik \u0142\u0105czy si\u0119 ze Serwisem. Administrator informuje, \u017ce zgodnie z\u00a0prawem przetwarza r\u00f3wnie\u017c dane dotycz\u0105ce m.in.. numeru IP i\u00a0rodzaju urz\u0105dzenia ko\u0144cowego u\u017cytkownika, a\u00a0tak\u017ce czasu po\u0142\u0105czenia u\u017cytkownika z\u00a0Serwisem oraz inne dane eksploatacyjne dotycz\u0105ce aktywno\u015bci u\u017cytkownika w\u00a0Serwisie. Opisane dane przetwarzane s\u0105 w\u00a0celach technicznych w\u00a0celu dostosowania Serwisu do potrzeb u\u017cytkownik\u00f3w \u00a0oraz do zbierania og\u00f3lnych informacji statystycznych dotycz\u0105cych funkcjonowania Serwisu.<\/p>\n<p style=\"color: #aa9e8b; font-family: 'DM Sans', sans-serif; font-size: 16px; background-color: #000000;\">Administrator wykorzystuje pliki typu Cookies w\u00a0celu:<\/p>\n<ol style=\"color: #aa9e8b; font-family: 'DM Sans', sans-serif; font-size: 16px; background-color: #000000;\" start=\"1\">\n<li style=\"list-style-type: none;\">\n<ol start=\"1\">\n<li>Konfiguracji serwisu\n<ul>\n<li>dostosowania zawarto\u015bci stron internetowych Serwisu do preferencji U\u017cytkownika oraz optymalizacji korzystania ze stron internetowych Serwisu<\/li>\n<li>rozpoznania urz\u0105dzenia U\u017cytkownika Serwisu oraz jego lokalizacji i\u00a0odpowiednio wy\u015bwietlenia strony internetowej, dostosowanej do jego indywidualnych potrzeb;<\/li>\n<li>zapami\u0119tania ustawie\u0144 wybranych przez U\u017cytkownika i\u00a0personalizacji interfejsu U\u017cytkownika, np. w\u00a0zakresie wybranego j\u0119zyka lub regionu, z\u00a0kt\u00f3rego pochodzi U\u017cytkownik,<\/li>\n<li>zapami\u0119tania historii odwiedzonych stron w\u00a0Serwisie w\u00a0celu rekomendacji tre\u015bci<\/li>\n<\/ul>\n<\/li>\n<li>Realizacji proces\u00f3w niezb\u0119dnych dla pe\u0142nej funkcjonalno\u015bci stron internetowych\n<ul>\n<li>dostosowania zawarto\u015bci stron internetowych Serwisu do preferencji U\u017cytkownika oraz optymalizacji korzystania ze stron internetowych Serwisu. W szczeg\u00f3lno\u015bci pliki te pozwalaj\u0105 rozpozna\u0107 podstawowe parametry urz\u0105dzenia U\u017cytkownika i\u00a0odpowiednio wy\u015bwietli\u0107 stron\u0119 internetow\u0105, dostosowan\u0105 do jego indywidualnych potrzeb;<\/li>\n<\/ul>\n<\/li>\n<li>zapewnienia bezpiecze\u0144stwa i\u00a0niezawodno\u015bci serwisu<\/li>\n<li>prezentowania tre\u015bci multimedialnych na stronach internetowych Serwisu, kt\u00f3re s\u0105 pobierane z\u00a0zewn\u0119trznego serwisu internetowego\u00a0 www.youtube.com [administrator cookies: Google Inc z\u00a0siedzib\u0105 w\u00a0USA]<\/li>\n<li>zbierania og\u00f3lnych i\u00a0anonimowych danych statycznych za po\u015brednictwem narz\u0119dzi analitycznych Google Analytics [administrator cookies: Google Inc z\u00a0siedzib\u0105 w\u00a0USA]<\/li>\n<li>wykorzystania funkcji interaktywnych w\u00a0celu popularyzacji Serwisu za pomoc\u0105 serwis\u00f3w spo\u0142eczno\u015bciowych Facebook.com [administrator cookies: Facebook Inc z\u00a0siedzib\u0105 w\u00a0USA lub Facebook Ireland z\u00a0siedzib\u0105 w\u00a0Irlandii]<\/li>\n<li>profilowania tre\u015bci reklamowych zgodnie z\u00a0zainteresowaniami U\u017cytkownik\u00f3w Serwisu<\/li>\n<\/ol>\n<\/li>\n<\/ol>\n<p style=\"color: #aa9e8b; font-family: 'DM Sans', sans-serif; font-size: 16px; background-color: #000000;\">U\u017cytkownik mo\u017ce samodzielnie i\u00a0w\u00a0ka\u017cdym czasie zmieni\u0107 ustawienia dotycz\u0105ce udost\u0119pnienia swojej lokalizacji\u00a0 oraz plik\u00f3w Cookies, okre\u015blaj\u0105c warunki ich przechowywania i\u00a0uzyskiwania dost\u0119pu przez pliki Cookies do urz\u0105dzenia U\u017cytkownika. Zmiany ustawie\u0144, o\u00a0kt\u00f3rych mowa w\u00a0zdaniu poprzednim, U\u017cytkownik mo\u017ce dokona\u0107 za pomoc\u0105 ustawie\u0144 przegl\u0105darki internetowej. Ustawienia te mog\u0105 zosta\u0107 zmienione w\u00a0szczeg\u00f3lno\u015bci w\u00a0taki spos\u00f3b, aby blokowa\u0107 automatyczn\u0105 obs\u0142ug\u0119 plik\u00f3w Cookies w\u00a0ustawieniach przegl\u0105darki internetowej b\u0105d\u017a informowa\u0107 o\u00a0ich ka\u017cdorazowym zamieszczeniu na urz\u0105dzeniu U\u017cytkownika. Szczeg\u00f3\u0142owe informacje o\u00a0mo\u017cliwo\u015bci i\u00a0sposobach obs\u0142ugi plik\u00f3w Cookies dost\u0119pne s\u0105 w\u00a0ustawieniach oprogramowania (przegl\u0105darki internetowej).<\/p>\n<p style=\"color: #aa9e8b; font-family: 'DM Sans', sans-serif; font-size: 16px; background-color: #000000;\">U\u017cytkownik mo\u017ce w\u00a0ka\u017cdej chwili usun\u0105\u0107 pliki Cookies korzystaj\u0105c z\u00a0dost\u0119pnych funkcji w\u00a0przegl\u0105darce internetowej, kt\u00f3rej u\u017cywa. Ograniczenie stosowania plik\u00f3w Cookies, mo\u017ce wp\u0142yn\u0105\u0107 na niekt\u00f3re funkcjonalno\u015bci dost\u0119pne na stronie internetowej Serwisu.<\/p>\n<h4 style=\"line-height: 1.1; margin-top: 30px; font-family: 'DM Sans', sans-serif; font-size: 34px; background-color: #000000;\">VII. Prawo\u00a0dost\u0119pu do danych, ich sprostowania, usuni\u0119cia lub ograniczenia przetwarzania lub do wniesienia sprzeciwu wobec przetwarzania, a\u00a0tak\u017ce prawo do przenoszenia danych<\/h4>\n<p style=\"color: #aa9e8b; font-family: 'DM Sans', sans-serif; font-size: 16px; text-align: start; background-color: #000000;\"><span style=\"color: #ffffff;\"><br style=\"outline: 0px !important;\" \/><\/span>Ka\u017cdy, kogo dane osobowe s\u0105 zbierane mo\u017ce za\u017c\u0105da\u0107 od Administratora:<\/p>\n<ul style=\"color: #aa9e8b; font-family: 'DM Sans', sans-serif; font-size: 16px; background-color: #000000;\">\n<li>dost\u0119pu do swoich danych osobowych<\/li>\n<li>sprostowania danych osobowych<\/li>\n<li>usuni\u0119cia danych osobowych<\/li>\n<li>ograniczenia przetwarzania danych osobowych<\/li>\n<li>sprzeciwu wobec przetwarzania<\/li>\n<li>przeniesienia danych osobowych<\/li>\n<\/ul>\n<p style=\"color: #aa9e8b; font-family: 'DM Sans', sans-serif; font-size: 16px; background-color: #000000;\">Ponadto ka\u017cdy, kogo dane osobowe s\u0105 zbierane mo\u017ce wnie\u015b\u0107 sprzeciw wobec przetwarzania danych osobowych, a\u00a0w\u00a0szczeg\u00f3lno\u015bci w\u00a0zakresie profilowania U\u017cytkownika Serwis\u00f3w internetowych. Aby skorzysta\u0107 z\u00a0powy\u017cszych uprawnie\u0144 nale\u017cy skontaktowa\u0107 si\u0119 z\u00a0Administratorem za pomoc\u0105 poczty elektronicznej: mszczepanik@reinforce.design. Administrator wykonuje \u017c\u0105danie osoby, kt\u00f3rej dane s\u0105 zbierane w\u00a0okresie do 30 dni. Okres ten w\u00a0uzasadnionych przypadkach mo\u017ce ulec wyd\u0142u\u017ceniu do 90 dni. Nale\u017cy jednak mie\u0107 na uwadze, \u017ce usuni\u0119cie, ograniczenie, przeniesienie oraz zg\u0142oszenie sprzeciwu wzgl\u0119dem przetwarzania danych b\u0119dzie mia\u0142o wp\u0142yw na \u015bwiadczone us\u0142ugi i\u00a0mo\u017ce skutkowa\u0107 niemo\u017cliwo\u015bci\u0105 ich wykonania. W szczeg\u00f3lno\u015bci nie ma ono zastosowania w\u00a0przypadku zobowi\u0105za\u0144, kt\u00f3re zosta\u0142y prawnie zawarte ze wzgl\u0119du na wymogi prawne zwi\u0105zane m.in. z\u00a0dochodzeniem roszcze\u0144.<\/p>\n<p style=\"color: #aa9e8b; font-family: 'DM Sans', sans-serif; font-size: 16px; background-color: #000000;\">W przypadku gdy Administrator danych wyst\u0119puje o\u00a0wyra\u017cenie zgody na przesy\u0142anie informacji handlowej drog\u0105 elektroniczn\u0105, osobie, kt\u00f3ra wyrazi\u0142a zgod\u0119 przys\u0142uguje prawo do jej cofni\u0119cia. W tym celu nale\u017cy klikn\u0105\u0107 na link powoduj\u0105cy cofni\u0119cie zgody umieszczony w\u00a0tre\u015bci informacji handlowej lub wys\u0142a\u0107 mailow\u0105 informacj\u0119 o\u00a0cofni\u0119ciu zgody na adres poczty elektronicznej\u00a0<span style=\"background-color: #000000;\">mszczepanik@reinforce.design<\/span><a style=\"color: #aa9e8b; transition-timing-function: ease; transition-property: all;\" href=\"mailto:[mail]\">\u00a0<\/a>.<\/p>\n<h4 style=\"line-height: 1.1; margin-top: 30px; font-family: 'DM Sans', sans-serif; font-size: 34px; background-color: #000000;\">VIII. Bezpiecze\u0144stwo danych<\/h4>\n<p style=\"color: #aa9e8b; font-family: 'DM Sans', sans-serif; font-size: 16px; background-color: #000000;\">Administrator danych o\u015bwiadcza, \u017ce dok\u0142ada wszelkich stara\u0144, aby zapewni\u0107 Klientom wysoki poziom bezpiecze\u0144stwa przetwarzania ich danych. Wszelkie zdarzenia maj\u0105ce wp\u0142yw na bezpiecze\u0144stwo przetwarzania danych nale\u017cy zg\u0142asza\u0107 na adres poczty elektronicznej:\u00a0<span style=\"background-color: #000000;\">mszczepanik@reinforce.design<\/span><a style=\"color: #aa9e8b; transition-timing-function: ease; transition-property: all;\" href=\"mailto:[mail]\">\u00a0<\/a>.<\/p>\n<p style=\"color: #aa9e8b; font-family: 'DM Sans', sans-serif; font-size: 16px; background-color: #000000;\">Administrator danych o\u015bwiadcza, \u017ce powierza przechowywanie i\/lub przetwarzanie danych osobowych, o\u00a0kt\u00f3rych mowa w\u00a0Polityce Prywatno\u015bci, na\u00a0 podstawie pisemnej umowy, podmiotom \u015bwiadcz\u0105cym na rzecz Administratora m.in. us\u0142ugi hostingu, marketingu automatycznego oraz optymalizacji przekazu w\u00a0zakresie Serwis\u00f3w internetowych Administratora, a\u00a0w\u00a0przypadku obs\u0142ugi zam\u00f3wienia\/umowy, reklamacji lub zg\u0142oszenia serwisowego: firm przewozowych, spedycyjnych, kurierskich, monta\u017cowych, serwisowych itp.<\/p>\n<h4 style=\"line-height: 1.1; margin-top: 30px; font-family: 'DM Sans', sans-serif; font-size: 34px; background-color: #000000;\">IX. Postanowienia ko\u0144cowe<\/h4>\n<p style=\"color: #aa9e8b; font-family: 'DM Sans', sans-serif; font-size: 16px; background-color: #000000;\">Ka\u017cdy, kogo dane osobowe zbiera Administrator ma prawo z\u0142o\u017cy\u0107 za\u017calenie do w\u0142a\u015bciwego organu nadzorczego, je\u017celi uwa\u017ca, \u017ce przetwarzanie danych osobowych jego dotycz\u0105ce narusza obowi\u0105zuj\u0105ce przepisy reguluj\u0105ce przetwarzanie danych osobowych: \u00a0ustaw\u0119 o\u00a0ochronie danych osobowych lub og\u00f3lne rozporz\u0105dzenie o\u00a0ochronie danych.<\/p>\n<p style=\"color: #aa9e8b; font-family: 'DM Sans', sans-serif; font-size: 16px; background-color: #000000;\">Administrator danych zastrzega sobie prawo do zmiany niniejszej Polityki Prywatno\u015bci poprzez opublikowanie nowej polityki prywatno\u015bci na tej stronie.<\/p>\n<p><\/p>\t\t\t\t\t\t\t\t<\/div>\n\t\t\t\t\t<\/div>\n\t\t\t\t<\/div>\n\t\t\t\t<\/div>\n\t\t","protected":false},"excerpt":{"rendered":"<p>Niniejszy dokument okre\u015bla zasady przetwarzania i\u00a0ochrony danych osobowych potencjalnych oraz obecnych partner\u00f3w biznesowych (w szczeg\u00f3lno\u015bci klient\u00f3w i\u00a0dostawc\u00f3w) firma [firma], zwana dalej Administratorem danych. I. Definicje Cookies\u00a0&#8211; oznacza dane informatyczne, w\u00a0szczeg\u00f3lno\u015bci niewielkie pliki tekstowe, zapisywane i\u00a0przechowywane na urz\u0105dzeniach za po\u015brednictwem, kt\u00f3rych U\u017cytkownik korzysta ze stron internetowych Serwisu. Serwis\u00a0&#8211; oznacza stron\u0119 internetow\u0105 nale\u017c\u0105c\u0105 do Administratora. Urz\u0105dzenie\u00a0&#8211; oznacza elektroniczne urz\u0105dzenie za po\u015brednictwem, kt\u00f3rego U\u017cytkownik uzyskuje dost\u0119p do Serwisu. U\u017cytkownik\u00a0&#8211; oznacza podmiot, kt\u00f3ry korzysta z\u00a0tre\u015bci i\u00a0funkcjonalno\u015bci dost\u0119pnych w\u00a0Serwisach internetowych Administratora lub na rzecz kt\u00f3rego zgodnie z\u00a0Regulaminem i\u00a0przepisami prawa mog\u0105 by\u0107 \u015bwiadczone us\u0142ugi drog\u0105 elektroniczn\u0105 lub z\u00a0kt\u00f3rym zawarta mo\u017ce by\u0107 Umowa o\u00a0\u015bwiadczenie us\u0142ug drog\u0105 elektroniczn\u0105. II. [&hellip;]<\/p>\n","protected":false},"author":1,"featured_media":0,"parent":0,"menu_order":0,"comment_status":"closed","ping_status":"closed","template":"","meta":{"_crdt_document":"","_uag_custom_page_level_css":"","h5ap_radio_sources":[],"footnotes":""},"class_list":["post-3","page","type-page","status-publish","hentry"],"uagb_featured_image_src":{"full":false,"thumbnail":false,"medium":false,"medium_large":false,"large":false,"1536x1536":false,"2048x2048":false,"qode_essential_addons_image_size_square":false,"qode_essential_addons_image_size_landscape":false,"qode_essential_addons_image_size_portrait":false,"qode_essential_addons_image_size_huge-square":false},"uagb_author_info":{"display_name":"admin4286","author_link":"https:\/\/reinforce.design\/index.php\/author\/admin4286\/"},"uagb_comment_info":0,"uagb_excerpt":"Niniejszy dokument okre\u015bla zasady przetwarzania i\u00a0ochrony danych osobowych potencjalnych oraz obecnych partner\u00f3w biznesowych (w szczeg\u00f3lno\u015bci klient\u00f3w i\u00a0dostawc\u00f3w) firma [firma], zwana dalej Administratorem danych. I. Definicje Cookies\u00a0&#8211; oznacza dane informatyczne, w\u00a0szczeg\u00f3lno\u015bci niewielkie pliki tekstowe, zapisywane i\u00a0przechowywane na urz\u0105dzeniach za po\u015brednictwem, kt\u00f3rych U\u017cytkownik korzysta ze stron internetowych Serwisu. Serwis\u00a0&#8211; oznacza stron\u0119 internetow\u0105 nale\u017c\u0105c\u0105 do Administratora. Urz\u0105dzenie\u00a0&#8211; oznacza&hellip;","_links":{"self":[{"href":"https:\/\/reinforce.design\/index.php\/wp-json\/wp\/v2\/pages\/3","targetHints":{"allow":["GET"]}}],"collection":[{"href":"https:\/\/reinforce.design\/index.php\/wp-json\/wp\/v2\/pages"}],"about":[{"href":"https:\/\/reinforce.design\/index.php\/wp-json\/wp\/v2\/types\/page"}],"author":[{"embeddable":true,"href":"https:\/\/reinforce.design\/index.php\/wp-json\/wp\/v2\/users\/1"}],"replies":[{"embeddable":true,"href":"https:\/\/reinforce.design\/index.php\/wp-json\/wp\/v2\/comments?post=3"}],"version-history":[{"count":8,"href":"https:\/\/reinforce.design\/index.php\/wp-json\/wp\/v2\/pages\/3\/revisions"}],"predecessor-version":[{"id":286,"href":"https:\/\/reinforce.design\/index.php\/wp-json\/wp\/v2\/pages\/3\/revisions\/286"}],"wp:attachment":[{"href":"https:\/\/reinforce.design\/index.php\/wp-json\/wp\/v2\/media?parent=3"}],"curies":[{"name":"wp","href":"https:\/\/api.w.org\/{rel}","templated":true}]}}